{"id":159,"date":"2020-08-09T13:36:50","date_gmt":"2020-08-09T11:36:50","guid":{"rendered":"https:\/\/szilikonujj.hu\/en\/?page_id=159"},"modified":"2020-08-15T15:08:41","modified_gmt":"2020-08-15T13:08:41","slug":"491-our-technology","status":"publish","type":"page","link":"https:\/\/szilikonujj.hu\/en\/491-our-technology\/","title":{"rendered":"Our technology"},"content":{"rendered":"<p>[et_pb_section fb_built=&#8221;1&#8243; fullwidth=&#8221;on&#8221; admin_label=&#8221;Nem m\u00f3dos\u00edtjuk&#8221; _builder_version=&#8221;4.5.1&#8243; _module_preset=&#8221;default&#8221; background_enable_image=&#8221;off&#8221; background_size=&#8221;initial&#8221; global_module=&#8221;31&#8243; saved_tabs=&#8221;all&#8221; collapsed=&#8221;on&#8221;][et_pb_fullwidth_image src=&#8221;https:\/\/szilikonujj.hu\/en\/wp-content\/uploads\/2020\/08\/logo.png&#8221; alt=&#8221;Professional silicone prosthetics&#8221; title_text=&#8221;Siliconefingers&#8221; url=&#8221;https:\/\/siliconefingers.com\/en\/&#8221; admin_label=&#8221;logo k\u00e9p&#8221; _builder_version=&#8221;4.5.5&#8243; _module_preset=&#8221;default&#8221;][\/et_pb_fullwidth_image][et_pb_fullwidth_menu menu_id=&#8221;6&#8243; menu_style=&#8221;centered&#8221; fullwidth_menu=&#8221;off&#8221; dropdown_menu_bg_color=&#8221;rgba(255,255,255,0.4)&#8221; dropdown_menu_line_color=&#8221;#e06d36&#8243; dropdown_menu_text_color=&#8221;#ffffff&#8221; dropdown_menu_active_link_color=&#8221;#e06d36&#8243; mobile_menu_bg_color=&#8221;rgba(224,109,54,0.85)&#8221; mobile_menu_text_color=&#8221;#ffffff&#8221; menu_icon_color=&#8221;#e06d36&#8243; menu_icon_font_size_tablet=&#8221;42px&#8221; menu_icon_font_size_phone=&#8221;42px&#8221; menu_icon_font_size_last_edited=&#8221;on|tablet&#8221; admin_label=&#8221;A f\u0151men\u00fc minden oldalhoz&#8221; module_id=&#8221;secondmenu&#8221; _builder_version=&#8221;4.5.6&#8243; _module_preset=&#8221;default&#8221; menu_font=&#8221;|||on|||||&#8221; menu_text_color=&#8221;#ffffff&#8221; menu_font_size=&#8221;17px&#8221; background_image=&#8221;https:\/\/szilikonujj.hu\/en\/wp-content\/uploads\/2020\/08\/menu_bg.png&#8221; background_layout=&#8221;dark&#8221; custom_margin=&#8221;||||false|false&#8221; custom_margin_tablet=&#8221;&#8221; custom_margin_phone=&#8221;||-40px||false|false&#8221; custom_margin_last_edited=&#8221;on|phone&#8221; custom_padding=&#8221;||1%||false|false&#8221; custom_padding_tablet=&#8221;1%||0%||false|false&#8221; custom_padding_phone=&#8221;1%||||false|false&#8221; custom_padding_last_edited=&#8221;on|phone&#8221; menu_font_size_tablet=&#8221;&#8221; menu_font_size_phone=&#8221;&#8221; menu_font_size_last_edited=&#8221;on|desktop&#8221; dropdown_menu_text_color__hover_enabled=&#8221;off|hover&#8221; dropdown_menu_text_color__hover=&#8221;#ffffff&#8221;][\/et_pb_fullwidth_menu][\/et_pb_section][et_pb_section fb_built=&#8221;1&#8243; admin_label=&#8221;Az oldal f\u0151 tartalma&#8221; _builder_version=&#8221;4.5.3&#8243; _module_preset=&#8221;default&#8221; background_color=&#8221;#30302f&#8221; collapsed=&#8221;on&#8221;][et_pb_row column_structure=&#8221;2_5,3_5&#8243; make_equal=&#8221;on&#8221; _builder_version=&#8221;4.5.4&#8243; _module_preset=&#8221;default&#8221; module_alignment=&#8221;left&#8221; custom_padding=&#8221;||0px|||&#8221; module_alignment_tablet=&#8221;center&#8221; module_alignment_phone=&#8221;center&#8221; module_alignment_last_edited=&#8221;on|tablet&#8221;][et_pb_column type=&#8221;2_5&#8243; _builder_version=&#8221;4.5.1&#8243; _module_preset=&#8221;default&#8221; background_color=&#8221;#000000&#8243;][et_pb_image src=&#8221;https:\/\/szilikonujj.hu\/en\/wp-content\/uploads\/2020\/08\/146944525178abb11ac8cbd950cb0322bdd48b3890.jpg&#8221; title_text=&#8221;146944525178abb11ac8cbd950cb0322bdd48b3890&#8243; show_bottom_space=&#8221;off&#8221; align_tablet=&#8221;center&#8221; align_phone=&#8221;center&#8221; align_last_edited=&#8221;on|tablet&#8221; disabled_on=&#8221;on|on|off&#8221; _builder_version=&#8221;4.5.6&#8243; _module_preset=&#8221;default&#8221; background_color=&#8221;#30302f&#8221; height_tablet=&#8221;&#8221; height_phone=&#8221;200px&#8221; height_last_edited=&#8221;on|phone&#8221; custom_margin=&#8221;-20%||||false|false&#8221; custom_margin_tablet=&#8221;&#8221; custom_margin_phone=&#8221;&#8221; custom_margin_last_edited=&#8221;on|desktop&#8221; custom_padding=&#8221;||0px|||&#8221;][\/et_pb_image][et_pb_image src=&#8221;https:\/\/szilikonujj.hu\/en\/wp-content\/uploads\/2020\/08\/Products_mobile.png&#8221; alt=&#8221;Technology &#8211; Products&#8221; title_text=&#8221;Products_mobile&#8221; disabled_on=&#8221;off|off|on&#8221; admin_label=&#8221;Mobilhoz k\u00e9p&#8221; _builder_version=&#8221;4.5.6&#8243; _module_preset=&#8221;default&#8221;][\/et_pb_image][\/et_pb_column][et_pb_column type=&#8221;3_5&#8243; _builder_version=&#8221;4.5.4&#8243; _module_preset=&#8221;default&#8221; custom_padding=&#8221;|||26px|false|false&#8221; custom_padding_tablet=&#8221;&#8221; custom_padding_phone=&#8221;30px||||false|false&#8221; custom_padding_last_edited=&#8221;on|phone&#8221;][et_pb_image src=&#8221;https:\/\/szilikonujj.hu\/en\/wp-content\/uploads\/2020\/08\/pageh1_vonal.png&#8221; title_text=&#8221;pageh1_vonal&#8221; admin_label=&#8221;F\u00fcgg\u0151leges vonal&#8221; _builder_version=&#8221;4.5.1&#8243; _module_preset=&#8221;default&#8221; transform_translate=&#8221;-45px|-80px&#8221; transform_translate_linked=&#8221;off&#8221;][\/et_pb_image][et_pb_text admin_label=&#8221;Technol\u00f3gi\u00e1nk&#8221; _builder_version=&#8221;4.5.5&#8243; _module_preset=&#8221;default&#8221; text_text_color=&#8221;#bcbec0&#8243; header_font=&#8221;|600||on|||||&#8221; header_text_color=&#8221;#ffffff&#8221; header_font_size=&#8221;32px&#8221; custom_margin=&#8221;-163px||||false|false&#8221; custom_padding=&#8221;20px||||false|false&#8221; header_font_size_tablet=&#8221;&#8221; header_font_size_phone=&#8221;26px&#8221; header_font_size_last_edited=&#8221;on|phone&#8221;]<\/p>\n<h1>Our technology<\/h1>\n<p>[\/et_pb_text][et_pb_text admin_label=&#8221;Az orvosi szilikonr\u00f3l&#8221; _builder_version=&#8221;4.5.5&#8243; _module_preset=&#8221;default&#8221; text_text_color=&#8221;#bcbec0&#8243; link_text_color=&#8221;#e06d36&#8243; ul_line_height=&#8221;2.4em&#8221; header_font=&#8221;|600||on|||||&#8221; header_text_color=&#8221;#ffffff&#8221; header_font_size=&#8221;32px&#8221; custom_margin=&#8221;-35px||||false|false&#8221; custom_padding=&#8221;20px|20%|||false|false&#8221; ul_letter_spacing_last_edited=&#8221;off|desktop&#8221; ul_line_height_tablet=&#8221;&#8221; ul_line_height_phone=&#8221;&#8221; ul_line_height_last_edited=&#8221;on|desktop&#8221; header_font_size_tablet=&#8221;&#8221; header_font_size_phone=&#8221;&#8221; header_font_size_last_edited=&#8221;on|desktop&#8221;]<\/p>\n<p><strong>About Medical Grade Silicone<\/strong><\/p>\n<p>The material allowing the use of silicone for medicinal purposes was developed by a Hungarian chemical engineer who went on to produce different materials of varying hardness.<\/p>\n<p>Main characteristics: A white, transparent material specially designed for medicinal use on the outside of the human body, that may be coloured and is highly tolerated by the skin. Placed on the injured body part the silicone covering takes on the temperature of the human body and feels like skin to the touch.<\/p>\n<p>[\/et_pb_text][et_pb_divider color=&#8221;#e06d36&#8243; _builder_version=&#8221;4.5.3&#8243; _module_preset=&#8221;default&#8221;][\/et_pb_divider][et_pb_text admin_label=&#8221;Protetikai c\u00e9l\u00fa felhaszn\u00e1l\u00e1s&#8221; _builder_version=&#8221;4.5.5&#8243; _module_preset=&#8221;default&#8221; text_text_color=&#8221;#bcbec0&#8243; link_text_color=&#8221;#e06d36&#8243; ul_line_height=&#8221;2.4em&#8221; header_font=&#8221;|600||on|||||&#8221; header_text_color=&#8221;#ffffff&#8221; header_font_size=&#8221;32px&#8221; custom_margin=&#8221;-35px||||false|false&#8221; custom_padding=&#8221;20px|20%|||false|false&#8221; ul_letter_spacing_last_edited=&#8221;off|desktop&#8221; ul_line_height_tablet=&#8221;&#8221; ul_line_height_phone=&#8221;&#8221; ul_line_height_last_edited=&#8221;on|desktop&#8221; header_font_size_tablet=&#8221;&#8221; header_font_size_phone=&#8221;&#8221; header_font_size_last_edited=&#8221;on|desktop&#8221;]<\/p>\n<p><strong>Use in Prosthetics<\/strong><\/p>\n<p>This material, if used for prosthetic purposes, can be readily shaped or moulded and is easy to work on in its raw state. Once cured, however, it becomes resistant while retaining its elasticity, and is therefore perfect for replacing any missing body part (hand prosthesis, metacarpal prosthesis, foot prosthesis, ear prosthesis, nose prosthesis, skin prosthesis, prosthesis for human body, body prosthesis). Wearing the silicon prosthesis, the patient is able to perform all those activities that able bodied people can, such as swimming, doing household chores, gripping, typing, running and lighter forms of sports.<\/p>\n<p>[\/et_pb_text][et_pb_divider color=&#8221;#e06d36&#8243; _builder_version=&#8221;4.5.3&#8243; _module_preset=&#8221;default&#8221;][\/et_pb_divider][et_pb_text admin_label=&#8221;A Szilikon technol\u00f3gi\u00e1r\u00f3l&#8221; _builder_version=&#8221;4.5.5&#8243; _module_preset=&#8221;default&#8221; text_text_color=&#8221;#bcbec0&#8243; link_text_color=&#8221;#e06d36&#8243; ul_line_height=&#8221;2.4em&#8221; header_font=&#8221;|600||on|||||&#8221; header_text_color=&#8221;#ffffff&#8221; header_font_size=&#8221;32px&#8221; custom_margin=&#8221;-35px||||false|false&#8221; custom_padding=&#8221;20px|20%|30px||false|false&#8221; ul_letter_spacing_last_edited=&#8221;off|desktop&#8221; ul_line_height_tablet=&#8221;&#8221; ul_line_height_phone=&#8221;&#8221; ul_line_height_last_edited=&#8221;on|desktop&#8221; header_font_size_tablet=&#8221;&#8221; header_font_size_phone=&#8221;&#8221; header_font_size_last_edited=&#8221;on|desktop&#8221;]<\/p>\n<p><strong>The Silicone Technology<\/strong><\/p>\n<p>As a first step in the procedure I make a mould of the residual limb, as well as the opposite limb, and I prepare a plaster cast, which takes maximum 30 minutes. Then I make a skin tone sample. A test silicone prosthesis is produced on the basis of the plaster cast. If the cast fits the residual body part perfectly, I proceed to preparing the final silicone prosthesis.<\/p>\n<p>The colour and aspect of the final silicone prosthesis is unique and a lifelike reproduction of your healthy original finger or upper or lower limb. Silicone fingers are complemented by acrylic nails which can be varnished, and even carry artificial nails. Typically, these are highly resistant to abrasion, easy to clean, and all in all simulate the live nail structure perfectly, both in material and to the touch.<\/p>\n<p>[\/et_pb_text][\/et_pb_column][\/et_pb_row][\/et_pb_section][et_pb_section fb_built=&#8221;1&#8243; _builder_version=&#8221;4.5.1&#8243; _module_preset=&#8221;default&#8221; background_image=&#8221;https:\/\/szilikonujj.hu\/en\/wp-content\/uploads\/2020\/08\/ajanlo_bg.jpg&#8221; background_position=&#8221;top_center&#8221; custom_padding=&#8221;3px||19px||false|false&#8221; global_module=&#8221;28&#8243; saved_tabs=&#8221;all&#8221; locked=&#8221;off&#8221; collapsed=&#8221;off&#8221;][et_pb_row column_structure=&#8221;1_3,1_3,1_3&#8243; make_equal=&#8221;on&#8221; custom_padding_last_edited=&#8221;on|phone&#8221; _builder_version=&#8221;4.5.6&#8243; _module_preset=&#8221;default&#8221; custom_padding=&#8221;||2%||false|false&#8221; custom_padding_tablet=&#8221;&#8221; custom_padding_phone=&#8221;&#8221;][et_pb_column type=&#8221;1_3&#8243; admin_label=&#8221;Ravasz P\u00e1l&#8221; _builder_version=&#8221;4.5.5&#8243; _module_preset=&#8221;default&#8221; link_option_url=&#8221;\/en\/845-paul-ravasz\/&#8221;][et_pb_text _builder_version=&#8221;4.5.6&#8243; _module_preset=&#8221;default&#8221; text_font=&#8221;|||on|||||&#8221; text_text_color=&#8221;#dadee3&#8243; text_font_size=&#8221;18px&#8221; background_image=&#8221;https:\/\/szilikonujj.hu\/en\/wp-content\/uploads\/2020\/08\/ajanlo_1a.png&#8221; text_orientation=&#8221;right&#8221; background_layout=&#8221;dark&#8221; width=&#8221;100%&#8221; width_tablet=&#8221;51%&#8221; width_phone=&#8221;82%&#8221; width_last_edited=&#8221;on|desktop&#8221; module_alignment=&#8221;center&#8221; min_height=&#8221;110px&#8221; min_height_tablet=&#8221;110px&#8221; min_height_phone=&#8221;110px&#8221; min_height_last_edited=&#8221;on|desktop&#8221; custom_margin=&#8221;||2px|||&#8221; custom_padding=&#8221;1%|10%|||false|false&#8221; custom_padding_tablet=&#8221;|10%|||false|false&#8221; custom_padding_phone=&#8221;1%|2%|||false|false&#8221; custom_padding_last_edited=&#8221;on|phone&#8221; text_font_size_tablet=&#8221;&#8221; text_font_size_phone=&#8221;16px&#8221; text_font_size_last_edited=&#8221;on|desktop&#8221;]<\/p>\n<p>Paul Ravasz<\/p>\n<p>[\/et_pb_text][et_pb_text _builder_version=&#8221;4.5.6&#8243; _module_preset=&#8221;default&#8221; text_text_color=&#8221;#bcbec0&#8243; custom_margin=&#8221;||6px||false|false&#8221; custom_margin_tablet=&#8221;||0px||false|false&#8221; custom_margin_phone=&#8221;||10px||false|false&#8221; custom_margin_last_edited=&#8221;on|phone&#8221; custom_padding=&#8221;||10%||false|false&#8221; custom_padding_tablet=&#8221;||4%||false|false&#8221; custom_padding_phone=&#8221;||4%||false|false&#8221; custom_padding_last_edited=&#8221;on|phone&#8221; hover_enabled=&#8221;0&#8243; text_orientation_tablet=&#8221;center&#8221; text_orientation_phone=&#8221;&#8221; text_orientation_last_edited=&#8221;on|desktop&#8221;]<\/p>\n<p>Silicone prosthetics specialist, orthopaedic technician<\/p>\n<p>[\/et_pb_text][et_pb_button button_url=&#8221;\/en\/845-paul-ravasz\/&#8221; button_text=&#8221;More&#8221; button_alignment=&#8221;center&#8221; _builder_version=&#8221;4.5.5&#8243; _module_preset=&#8221;default&#8221; custom_button=&#8221;on&#8221; button_text_color=&#8221;#c4c7cc&#8221; button_border_color=&#8221;#c4c7cc&#8221; button_icon=&#8221;%%20%%&#8221; button_on_hover=&#8221;off&#8221; background_layout=&#8221;dark&#8221; custom_padding=&#8221;0px|15%|0px|15%|true|true&#8221; hover_enabled=&#8221;0&#8243;][\/et_pb_button][\/et_pb_column][et_pb_column type=&#8221;1_3&#8243; admin_label=&#8221;Term\u00e9keink&#8221; _builder_version=&#8221;4.5.5&#8243; _module_preset=&#8221;default&#8221; link_option_url=&#8221;\/en\/330-products\/&#8221;][et_pb_text _builder_version=&#8221;4.5.6&#8243; _module_preset=&#8221;default&#8221; text_font=&#8221;|||on|||||&#8221; text_text_color=&#8221;#dadee3&#8243; text_font_size=&#8221;18px&#8221; background_image=&#8221;https:\/\/szilikonujj.hu\/en\/wp-content\/uploads\/2020\/08\/kiskep1a.png&#8221; text_orientation=&#8221;right&#8221; width=&#8221;100%&#8221; width_tablet=&#8221;51%&#8221; width_phone=&#8221;82%&#8221; width_last_edited=&#8221;on|desktop&#8221; module_alignment=&#8221;center&#8221; min_height=&#8221;110px&#8221; min_height_tablet=&#8221;110px&#8221; min_height_phone=&#8221;110px&#8221; min_height_last_edited=&#8221;on|desktop&#8221; custom_margin=&#8221;||2px|||&#8221; custom_padding=&#8221;1%|6%|||false|false&#8221; custom_padding_tablet=&#8221;&#8221; custom_padding_phone=&#8221;&#8221; custom_padding_last_edited=&#8221;on|desktop&#8221; text_font_size_tablet=&#8221;&#8221; text_font_size_phone=&#8221;16px&#8221; text_font_size_last_edited=&#8221;on|phone&#8221;]<\/p>\n<p>Products<\/p>\n<p>[\/et_pb_text][et_pb_text _builder_version=&#8221;4.5.6&#8243; _module_preset=&#8221;default&#8221; text_text_color=&#8221;#bcbec0&#8243; custom_margin=&#8221;||||false|false&#8221; custom_padding=&#8221;||3%||false|false&#8221; custom_padding_tablet=&#8221;||0%||false|false&#8221; custom_padding_phone=&#8221;&#8221; custom_padding_last_edited=&#8221;on|phone&#8221; hover_enabled=&#8221;0&#8243; text_orientation_tablet=&#8221;center&#8221; text_orientation_phone=&#8221;&#8221; text_orientation_last_edited=&#8221;on|desktop&#8221; custom_margin_last_edited=&#8221;on|desktop&#8221; custom_margin_phone=&#8221;||20px||false|false&#8221; custom_margin_tablet=&#8221;||20px||false|false&#8221;]professional silicone prosthetics, which produced by customise[\/et_pb_text][et_pb_button button_url=&#8221;\/en\/330-products\/&#8221; button_text=&#8221;More&#8221; button_alignment=&#8221;center&#8221; _builder_version=&#8221;4.5.5&#8243; _module_preset=&#8221;default&#8221; custom_button=&#8221;on&#8221; button_text_color=&#8221;#c4c7cc&#8221; button_border_color=&#8221;#c4c7cc&#8221; button_icon=&#8221;%%20%%&#8221; button_on_hover=&#8221;off&#8221; background_layout=&#8221;dark&#8221; custom_padding=&#8221;0px|15%|0px|15%|true|true&#8221;][\/et_pb_button][\/et_pb_column][et_pb_column type=&#8221;1_3&#8243; admin_label=&#8221;\u00c1rlista&#8221; _builder_version=&#8221;4.5.5&#8243; _module_preset=&#8221;default&#8221; link_option_url=&#8221;\/en\/624-price-list\/&#8221;][et_pb_text _builder_version=&#8221;4.5.6&#8243; _module_preset=&#8221;default&#8221; text_font=&#8221;|||on|||||&#8221; text_text_color=&#8221;#dadee3&#8243; text_font_size=&#8221;18px&#8221; background_image=&#8221;https:\/\/szilikonujj.hu\/en\/wp-content\/uploads\/2020\/08\/kiskep2b.png&#8221; text_orientation=&#8221;right&#8221; width=&#8221;100%&#8221; width_tablet=&#8221;51%&#8221; width_phone=&#8221;82%&#8221; width_last_edited=&#8221;on|desktop&#8221; module_alignment=&#8221;center&#8221; min_height=&#8221;110px&#8221; min_height_tablet=&#8221;110px&#8221; min_height_phone=&#8221;110px&#8221; min_height_last_edited=&#8221;on|desktop&#8221; custom_margin=&#8221;||2px|||&#8221; custom_padding=&#8221;1%|7%|||false|false&#8221; custom_padding_tablet=&#8221;&#8221; custom_padding_phone=&#8221;|2%|||false|false&#8221; custom_padding_last_edited=&#8221;on|phone&#8221; text_font_size_tablet=&#8221;&#8221; text_font_size_phone=&#8221;16px&#8221; text_font_size_last_edited=&#8221;on|desktop&#8221;]<\/p>\n<p>Price List<\/p>\n<p>[\/et_pb_text][et_pb_text _builder_version=&#8221;4.5.6&#8243; _module_preset=&#8221;default&#8221; text_text_color=&#8221;#bcbec0&#8243; custom_padding=&#8221;||3%||false|false&#8221; custom_padding_tablet=&#8221;||0%||false|false&#8221; custom_padding_phone=&#8221;&#8221; custom_padding_last_edited=&#8221;on|phone&#8221; hover_enabled=&#8221;0&#8243; text_orientation_tablet=&#8221;center&#8221; text_orientation_phone=&#8221;&#8221; text_orientation_last_edited=&#8221;on|desktop&#8221; custom_margin=&#8221;||53px||false|false&#8221; custom_margin_last_edited=&#8221;on|desktop&#8221; custom_margin_phone=&#8221;||20px||false|false&#8221; custom_margin_tablet=&#8221;||20px||false|false&#8221;]Best price and quality silicone prosthetics[\/et_pb_text][et_pb_button button_url=&#8221;\/en\/624-price-list\/&#8221; button_text=&#8221;More&#8221; button_alignment=&#8221;center&#8221; _builder_version=&#8221;4.5.5&#8243; _module_preset=&#8221;default&#8221; custom_button=&#8221;on&#8221; button_text_color=&#8221;#c4c7cc&#8221; button_border_color=&#8221;#c4c7cc&#8221; button_icon=&#8221;%%20%%&#8221; button_on_hover=&#8221;off&#8221; background_layout=&#8221;dark&#8221; custom_padding=&#8221;0px|15%|0px|15%|true|true&#8221;][\/et_pb_button][\/et_pb_column][\/et_pb_row][\/et_pb_section]<\/p>\n","protected":false},"excerpt":{"rendered":"<p>Our technologyAbout Medical Grade Silicone The material allowing the use of silicone for medicinal purposes was developed by a Hungarian chemical engineer who went on to produce different materials of varying hardness. Main characteristics: A white, transparent material specially designed for medicinal use on the outside of the human body, that may be coloured and [&hellip;]<\/p>\n","protected":false},"author":1,"featured_media":0,"parent":0,"menu_order":0,"comment_status":"closed","ping_status":"closed","template":"","meta":{"_et_pb_use_builder":"on","_et_pb_old_content":"","_et_gb_content_width":"","footnotes":""},"class_list":["post-159","page","type-page","status-publish","hentry"],"_links":{"self":[{"href":"https:\/\/szilikonujj.hu\/en\/wp-json\/wp\/v2\/pages\/159","targetHints":{"allow":["GET"]}}],"collection":[{"href":"https:\/\/szilikonujj.hu\/en\/wp-json\/wp\/v2\/pages"}],"about":[{"href":"https:\/\/szilikonujj.hu\/en\/wp-json\/wp\/v2\/types\/page"}],"author":[{"embeddable":true,"href":"https:\/\/szilikonujj.hu\/en\/wp-json\/wp\/v2\/users\/1"}],"replies":[{"embeddable":true,"href":"https:\/\/szilikonujj.hu\/en\/wp-json\/wp\/v2\/comments?post=159"}],"version-history":[{"count":0,"href":"https:\/\/szilikonujj.hu\/en\/wp-json\/wp\/v2\/pages\/159\/revisions"}],"wp:attachment":[{"href":"https:\/\/szilikonujj.hu\/en\/wp-json\/wp\/v2\/media?parent=159"}],"curies":[{"name":"wp","href":"https:\/\/api.w.org\/{rel}","templated":true}]}}