{"id":291,"date":"2020-08-09T19:18:13","date_gmt":"2020-08-09T17:18:13","guid":{"rendered":"https:\/\/szilikonujj.hu\/en\/?page_id=291"},"modified":"2020-08-15T14:26:25","modified_gmt":"2020-08-15T12:26:25","slug":"602-press-radio","status":"publish","type":"page","link":"https:\/\/szilikonujj.hu\/en\/602-press-radio\/","title":{"rendered":"Press Radio"},"content":{"rendered":"<p>[et_pb_section fb_built=&#8221;1&#8243; fullwidth=&#8221;on&#8221; admin_label=&#8221;Nem m\u00f3dos\u00edtjuk&#8221; _builder_version=&#8221;4.5.1&#8243; _module_preset=&#8221;default&#8221; background_enable_image=&#8221;off&#8221; background_size=&#8221;initial&#8221; global_module=&#8221;31&#8243; saved_tabs=&#8221;all&#8221; collapsed=&#8221;on&#8221;][et_pb_fullwidth_image src=&#8221;https:\/\/szilikonujj.hu\/en\/wp-content\/uploads\/2020\/08\/logo.png&#8221; alt=&#8221;Professional silicone prosthetics&#8221; title_text=&#8221;Siliconefingers&#8221; url=&#8221;https:\/\/siliconefingers.com\/en\/&#8221; admin_label=&#8221;logo k\u00e9p&#8221; _builder_version=&#8221;4.5.5&#8243; _module_preset=&#8221;default&#8221;][\/et_pb_fullwidth_image][et_pb_fullwidth_menu menu_id=&#8221;6&#8243; menu_style=&#8221;centered&#8221; fullwidth_menu=&#8221;off&#8221; dropdown_menu_bg_color=&#8221;rgba(255,255,255,0.4)&#8221; dropdown_menu_line_color=&#8221;#e06d36&#8243; dropdown_menu_text_color=&#8221;#ffffff&#8221; dropdown_menu_active_link_color=&#8221;#e06d36&#8243; mobile_menu_bg_color=&#8221;rgba(224,109,54,0.85)&#8221; mobile_menu_text_color=&#8221;#ffffff&#8221; menu_icon_color=&#8221;#e06d36&#8243; menu_icon_font_size_tablet=&#8221;42px&#8221; menu_icon_font_size_phone=&#8221;42px&#8221; menu_icon_font_size_last_edited=&#8221;on|tablet&#8221; admin_label=&#8221;A f\u0151men\u00fc minden oldalhoz&#8221; module_id=&#8221;secondmenu&#8221; _builder_version=&#8221;4.5.6&#8243; _module_preset=&#8221;default&#8221; menu_font=&#8221;|||on|||||&#8221; menu_text_color=&#8221;#ffffff&#8221; menu_font_size=&#8221;17px&#8221; background_image=&#8221;https:\/\/szilikonujj.hu\/en\/wp-content\/uploads\/2020\/08\/menu_bg.png&#8221; background_layout=&#8221;dark&#8221; custom_margin=&#8221;||||false|false&#8221; custom_margin_tablet=&#8221;&#8221; custom_margin_phone=&#8221;||-40px||false|false&#8221; custom_margin_last_edited=&#8221;on|phone&#8221; custom_padding=&#8221;||1%||false|false&#8221; custom_padding_tablet=&#8221;1%||0%||false|false&#8221; custom_padding_phone=&#8221;1%||||false|false&#8221; custom_padding_last_edited=&#8221;on|phone&#8221; menu_font_size_tablet=&#8221;&#8221; menu_font_size_phone=&#8221;&#8221; menu_font_size_last_edited=&#8221;on|desktop&#8221; dropdown_menu_text_color__hover_enabled=&#8221;off|hover&#8221; dropdown_menu_text_color__hover=&#8221;#ffffff&#8221;][\/et_pb_fullwidth_menu][\/et_pb_section][et_pb_section fb_built=&#8221;1&#8243; specialty=&#8221;on&#8221; _builder_version=&#8221;4.5.3&#8243; _module_preset=&#8221;default&#8221; background_color=&#8221;#30302f&#8221; locked=&#8221;off&#8221;][et_pb_column type=&#8221;1_3&#8243; _builder_version=&#8221;3.25&#8243; _module_preset=&#8221;default&#8221; custom_padding=&#8221;|||&#8221; custom_padding__hover=&#8221;|||&#8221;][et_pb_image src=&#8221;https:\/\/szilikonujj.hu\/en\/wp-content\/uploads\/2020\/08\/xleft_sajto.jpg.pagespeed.ic_.QqDjS12LoV.jpeg&#8221; alt=&#8221;Ravasz P\u00e1l&#8221; title_text=&#8221;xleft_sajto.jpg.pagespeed.ic.QqDjS12LoV&#8221; show_bottom_space=&#8221;off&#8221; align=&#8221;center&#8221; align_tablet=&#8221;&#8221; align_phone=&#8221;center&#8221; align_last_edited=&#8221;on|desktop&#8221; disabled_on=&#8221;on|on|off&#8221; _builder_version=&#8221;4.5.3&#8243; _module_preset=&#8221;default&#8221; background_color=&#8221;#30302f&#8221; height_tablet=&#8221;&#8221; height_phone=&#8221;&#8221; height_last_edited=&#8221;on|desktop&#8221; custom_margin=&#8221;-26%|-5%||-19%|false|false&#8221; custom_margin_tablet=&#8221;&#8221; custom_margin_phone=&#8221;&#8221; custom_margin_last_edited=&#8221;on|phone&#8221; custom_padding=&#8221;||0px|||&#8221;][\/et_pb_image][\/et_pb_column][et_pb_column type=&#8221;2_3&#8243; specialty_columns=&#8221;2&#8243; _builder_version=&#8221;3.25&#8243; _module_preset=&#8221;default&#8221; custom_padding=&#8221;|||&#8221; custom_padding__hover=&#8221;|||&#8221;][et_pb_row_inner _builder_version=&#8221;4.5.3&#8243; _module_preset=&#8221;default&#8221; custom_padding=&#8221;|0%|0px|6%|false|false&#8221;][et_pb_column_inner saved_specialty_column_type=&#8221;2_3&#8243; _builder_version=&#8221;4.5.3&#8243; _module_preset=&#8221;default&#8221;][et_pb_image src=&#8221;https:\/\/szilikonujj.hu\/en\/wp-content\/uploads\/2020\/08\/pageh1_vonal.png&#8221; title_text=&#8221;pageh1_vonal&#8221; admin_label=&#8221;F\u00fcgg\u0151leges vonal&#8221; _builder_version=&#8221;4.5.3&#8243; _module_preset=&#8221;default&#8221; transform_scale_linked=&#8221;off&#8221; transform_translate=&#8221;-45px|-82px&#8221; transform_translate_linked=&#8221;off&#8221;][\/et_pb_image][et_pb_text _builder_version=&#8221;4.5.6&#8243; _module_preset=&#8221;default&#8221; text_text_color=&#8221;#bcbec0&#8243; header_font=&#8221;|600||on|||||&#8221; header_text_color=&#8221;#ffffff&#8221; header_font_size=&#8221;32px&#8221; custom_margin=&#8221;-163px||||false|false&#8221; custom_padding=&#8221;20px||||false|false&#8221; hover_enabled=&#8221;0&#8243; header_font_size_tablet=&#8221;&#8221; header_font_size_phone=&#8221;28px&#8221; header_font_size_last_edited=&#8221;on|desktop&#8221;]<\/p>\n<h1>Press<\/h1>\n<p>[\/et_pb_text][et_pb_text ul_position=&#8221;inside&#8221; admin_label=&#8221;F\u00fclek men\u00fc sz\u00f6vegei&#8221; module_class=&#8221;sajtomenu&#8221; _builder_version=&#8221;4.5.6&#8243; _module_preset=&#8221;default&#8221; text_font=&#8221;|||on|||||&#8221; text_text_color=&#8221;#acaeb0&#8243; text_font_size=&#8221;16px&#8221; link_font=&#8221;|||on|||||&#8221; link_text_color=&#8221;#acaeb0&#8243; ul_line_height=&#8221;2.4em&#8221; header_font=&#8221;|600||on|||||&#8221; header_text_color=&#8221;#ffffff&#8221; header_font_size=&#8221;32px&#8221; custom_margin=&#8221;-35px||||false|false&#8221; custom_padding=&#8221;20px||||false|false&#8221; custom_padding_tablet=&#8221;||0px||false|false&#8221; custom_padding_phone=&#8221;||0px||false|false&#8221; custom_padding_last_edited=&#8221;on|desktop&#8221; hover_enabled=&#8221;0&#8243; text_font_size_tablet=&#8221;&#8221; text_font_size_phone=&#8221;16px&#8221; text_font_size_last_edited=&#8221;on|tablet&#8221; text_line_height_tablet=&#8221;&#8221; text_line_height_phone=&#8221;2.2em&#8221; text_line_height_last_edited=&#8221;on|phone&#8221; ul_letter_spacing_last_edited=&#8221;off|desktop&#8221; ul_line_height_tablet=&#8221;&#8221; ul_line_height_phone=&#8221;&#8221; ul_line_height_last_edited=&#8221;on|desktop&#8221; header_font_size_tablet=&#8221;&#8221; header_font_size_phone=&#8221;&#8221; header_font_size_last_edited=&#8221;on|desktop&#8221; locked=&#8221;off&#8221; link_text_color__hover_enabled=&#8221;on|hover&#8221; link_text_color__hover=&#8221;#ffffff&#8221;]<\/p>\n<p><a href=\"\/en\/601-press-tv\/\">TV \u00a0 \u00a0\u00a0<\/a> <img loading=\"lazy\" decoding=\"async\" class=\"wp-image-491 alignnone size-full\" src=\"https:\/\/szilikonujj.hu\/en\/wp-content\/uploads\/2020\/08\/xsajto_vonal.png.pagespeed.ic_.j1_iSA14yl.png\" alt=\"\" width=\"1\" height=\"18\" \/><span style=\"color: #ffffff;\"> \u00a0 \u00a0\u00a0<\/span><span style=\"color: #ffffff;\"><strong>Radio<\/strong><\/span> \u00a0 \u00a0\u00a0 <img loading=\"lazy\" decoding=\"async\" class=\"wp-image-491 alignnone size-full\" src=\"https:\/\/szilikonujj.hu\/en\/wp-content\/uploads\/2020\/08\/xsajto_vonal.png.pagespeed.ic_.j1_iSA14yl.png\" alt=\"\" width=\"1\" height=\"18\" \/>\u00a0 \u00a0\u00a0 \u00a0<a href=\"\/en\/603-press-print\/\">Print \u00a0 \u00a0\u00a0 <\/a> <img loading=\"lazy\" decoding=\"async\" class=\"wp-image-491 alignnone size-full\" src=\"https:\/\/szilikonujj.hu\/en\/wp-content\/uploads\/2020\/08\/xsajto_vonal.png.pagespeed.ic_.j1_iSA14yl.png\" alt=\"\" width=\"1\" height=\"18\" \/> <a href=\"\/en\/606-press-online\/\">\u00a0\u00a0\u00a0\u00a0 Online \u00a0 \u00a0\u00a0\u00a0 <\/a><img loading=\"lazy\" decoding=\"async\" class=\"wp-image-491 alignnone size-full\" src=\"https:\/\/szilikonujj.hu\/en\/wp-content\/uploads\/2020\/08\/xsajto_vonal.png.pagespeed.ic_.j1_iSA14yl.png\" alt=\"\" width=\"1\" height=\"18\" \/><a href=\"\/en\/wp-content\/uploads\/2020\/08\/brochure.pdf\"> \u00a0\u00a0\u00a0 Brochure<\/a><\/p>\n<p>[\/et_pb_text][et_pb_divider color=&#8221;#5f5f5f&#8221; admin_label=&#8221;Sz\u00fcrke elv\u00e1laszt\u00f3&#8221; _builder_version=&#8221;4.5.3&#8243; _module_preset=&#8221;default&#8221;][\/et_pb_divider][\/et_pb_column_inner][\/et_pb_row_inner][et_pb_row_inner column_structure=&#8221;1_2,1_2&#8243; use_custom_gutter=&#8221;on&#8221; gutter_width=&#8221;1&#8243; make_equal=&#8221;on&#8221; _builder_version=&#8221;4.5.3&#8243; _module_preset=&#8221;default&#8221; custom_padding=&#8221;|0%|0px|0%|false|false&#8221;][et_pb_column_inner type=&#8221;1_2&#8243; saved_specialty_column_type=&#8221;2_3&#8243; _builder_version=&#8221;4.5.3&#8243; _module_preset=&#8221;default&#8221; custom_padding=&#8221;|||42px|false|false&#8221;][et_pb_text admin_label=&#8221;Gazdas\u00e1gi r\u00e1di\u00f3&#8221; module_class=&#8221;sajto_szoveg&#8221; _builder_version=&#8221;4.5.3&#8243; _module_preset=&#8221;default&#8221; text_font=&#8221;|300|||||||&#8221; text_text_color=&#8221;#dadee3&#8243; text_font_size=&#8221;24px&#8221; text_line_height=&#8221;1.4em&#8221; background_layout=&#8221;dark&#8221; custom_padding_tablet=&#8221;0%||||false|false&#8221; custom_padding_phone=&#8221;&#8221; custom_padding_last_edited=&#8221;on|desktop&#8221; text_font_size_tablet=&#8221;&#8221; text_font_size_phone=&#8221;&#8221; text_font_size_last_edited=&#8221;on|desktop&#8221; text_line_height_tablet=&#8221;&#8221; text_line_height_phone=&#8221;&#8221; text_line_height_last_edited=&#8221;on|desktop&#8221;]<\/p>\n<p>Besz\u00e9lget\u00e9s Dr. Osgy\u00e1n Henrikkel a szilikonp\u00f3tl\u00e1sok lehet\u0151s\u00e9geir\u0151l<br \/> <strong>Gazdas\u00e1gi R\u00e1di\u00f3<\/strong><\/p>\n<p>[\/et_pb_text][\/et_pb_column_inner][et_pb_column_inner type=&#8221;1_2&#8243; saved_specialty_column_type=&#8221;2_3&#8243; _builder_version=&#8221;4.5.3&#8243; _module_preset=&#8221;default&#8221; custom_padding=&#8221;0px||||false|false&#8221;][et_pb_audio audio=&#8221;https:\/\/siliconefingers.com\/siliconwordpress\/wp-content\/uploads\/2020\/08\/14715900767e1a5d36e5fe7a81f07d1b8f2b4f224b.mp3&#8243; admin_label=&#8221;Audio f\u00e1jl besz\u00e9lget\u00e9s&#8221; _builder_version=&#8221;4.5.3&#8243; _module_preset=&#8221;default&#8221; background_color=&#8221;#000000&#8243; custom_margin=&#8221;0%||0%||true|false&#8221; custom_margin_tablet=&#8221;8%||||false|false&#8221; custom_margin_phone=&#8221;&#8221; custom_margin_last_edited=&#8221;on|tablet&#8221; custom_padding_tablet=&#8221;2%||4%||false|false&#8221; custom_padding_phone=&#8221;||6%||false|false&#8221; custom_padding_last_edited=&#8221;on|desktop&#8221;][\/et_pb_audio][\/et_pb_column_inner][\/et_pb_row_inner][et_pb_row_inner _builder_version=&#8221;4.5.3&#8243; _module_preset=&#8221;default&#8221; custom_padding=&#8221;|0%|0px|6%|false|false&#8221;][et_pb_column_inner saved_specialty_column_type=&#8221;2_3&#8243; _builder_version=&#8221;4.5.3&#8243; _module_preset=&#8221;default&#8221;][et_pb_divider color=&#8221;#5f5f5f&#8221; _builder_version=&#8221;4.5.3&#8243; _module_preset=&#8221;default&#8221;][\/et_pb_divider][\/et_pb_column_inner][\/et_pb_row_inner][\/et_pb_column][\/et_pb_section][et_pb_section fb_built=&#8221;1&#8243; _builder_version=&#8221;4.5.1&#8243; _module_preset=&#8221;default&#8221; background_image=&#8221;https:\/\/szilikonujj.hu\/en\/wp-content\/uploads\/2020\/08\/ajanlo_bg.jpg&#8221; background_position=&#8221;top_center&#8221; custom_padding=&#8221;3px||19px||false|false&#8221; global_module=&#8221;28&#8243; saved_tabs=&#8221;all&#8221; locked=&#8221;off&#8221; collapsed=&#8221;on&#8221;][et_pb_row column_structure=&#8221;1_3,1_3,1_3&#8243; make_equal=&#8221;on&#8221; custom_padding_last_edited=&#8221;on|phone&#8221; _builder_version=&#8221;4.5.6&#8243; _module_preset=&#8221;default&#8221; custom_padding=&#8221;||2%||false|false&#8221; custom_padding_tablet=&#8221;&#8221; custom_padding_phone=&#8221;&#8221;][et_pb_column type=&#8221;1_3&#8243; admin_label=&#8221;Ravasz P\u00e1l&#8221; _builder_version=&#8221;4.5.5&#8243; _module_preset=&#8221;default&#8221; link_option_url=&#8221;\/en\/845-paul-ravasz\/&#8221;][et_pb_text _builder_version=&#8221;4.5.6&#8243; _module_preset=&#8221;default&#8221; text_font=&#8221;|||on|||||&#8221; text_text_color=&#8221;#dadee3&#8243; text_font_size=&#8221;18px&#8221; background_image=&#8221;https:\/\/szilikonujj.hu\/en\/wp-content\/uploads\/2020\/08\/ajanlo_1a.png&#8221; text_orientation=&#8221;right&#8221; background_layout=&#8221;dark&#8221; width=&#8221;100%&#8221; width_tablet=&#8221;51%&#8221; width_phone=&#8221;82%&#8221; width_last_edited=&#8221;on|desktop&#8221; module_alignment=&#8221;center&#8221; min_height=&#8221;110px&#8221; min_height_tablet=&#8221;110px&#8221; min_height_phone=&#8221;110px&#8221; min_height_last_edited=&#8221;on|desktop&#8221; custom_margin=&#8221;||2px|||&#8221; custom_padding=&#8221;1%|10%|||false|false&#8221; custom_padding_tablet=&#8221;|10%|||false|false&#8221; custom_padding_phone=&#8221;1%|2%|||false|false&#8221; custom_padding_last_edited=&#8221;on|phone&#8221; text_font_size_tablet=&#8221;&#8221; text_font_size_phone=&#8221;16px&#8221; text_font_size_last_edited=&#8221;on|desktop&#8221;]<\/p>\n<p>Paul Ravasz<\/p>\n<p>[\/et_pb_text][et_pb_text _builder_version=&#8221;4.5.6&#8243; _module_preset=&#8221;default&#8221; text_text_color=&#8221;#bcbec0&#8243; custom_margin=&#8221;||||false|false&#8221; custom_margin_tablet=&#8221;||0%||false|false&#8221; custom_margin_phone=&#8221;||0%||false|false&#8221; custom_margin_last_edited=&#8221;on|phone&#8221; custom_padding=&#8221;||10%||false|false&#8221; custom_padding_tablet=&#8221;||4%||false|false&#8221; custom_padding_phone=&#8221;||4%||false|false&#8221; custom_padding_last_edited=&#8221;on|desktop&#8221; text_orientation_tablet=&#8221;center&#8221; text_orientation_phone=&#8221;&#8221; text_orientation_last_edited=&#8221;on|desktop&#8221;]<\/p>\n<p>Silicone prosthetics specialist, orthopaedic technician<\/p>\n<p>[\/et_pb_text][et_pb_button button_url=&#8221;\/en\/845-paul-ravasz\/&#8221; button_text=&#8221;More&#8221; button_alignment=&#8221;center&#8221; _builder_version=&#8221;4.5.5&#8243; _module_preset=&#8221;default&#8221; custom_button=&#8221;on&#8221; button_text_color=&#8221;#c4c7cc&#8221; button_border_color=&#8221;#c4c7cc&#8221; button_icon=&#8221;%%20%%&#8221; button_on_hover=&#8221;off&#8221; background_layout=&#8221;dark&#8221; custom_padding=&#8221;0px|15%|0px|15%|true|true&#8221;][\/et_pb_button][\/et_pb_column][et_pb_column type=&#8221;1_3&#8243; admin_label=&#8221;Term\u00e9keink&#8221; _builder_version=&#8221;4.5.5&#8243; _module_preset=&#8221;default&#8221; link_option_url=&#8221;\/en\/330-products\/&#8221;][et_pb_text _builder_version=&#8221;4.5.6&#8243; _module_preset=&#8221;default&#8221; text_font=&#8221;|||on|||||&#8221; text_text_color=&#8221;#dadee3&#8243; text_font_size=&#8221;18px&#8221; background_image=&#8221;https:\/\/szilikonujj.hu\/en\/wp-content\/uploads\/2020\/08\/kiskep1a.png&#8221; text_orientation=&#8221;right&#8221; width=&#8221;100%&#8221; width_tablet=&#8221;51%&#8221; width_phone=&#8221;82%&#8221; width_last_edited=&#8221;on|desktop&#8221; module_alignment=&#8221;center&#8221; min_height=&#8221;110px&#8221; min_height_tablet=&#8221;110px&#8221; min_height_phone=&#8221;110px&#8221; min_height_last_edited=&#8221;on|desktop&#8221; custom_margin=&#8221;||2px|||&#8221; custom_padding=&#8221;1%|6%|||false|false&#8221; custom_padding_tablet=&#8221;&#8221; custom_padding_phone=&#8221;&#8221; custom_padding_last_edited=&#8221;on|desktop&#8221; text_font_size_tablet=&#8221;&#8221; text_font_size_phone=&#8221;16px&#8221; text_font_size_last_edited=&#8221;on|phone&#8221;]<\/p>\n<p>Products<\/p>\n<p>[\/et_pb_text][et_pb_text _builder_version=&#8221;4.5.6&#8243; _module_preset=&#8221;default&#8221; text_text_color=&#8221;#bcbec0&#8243; custom_margin=&#8221;||||false|false&#8221; custom_padding=&#8221;||3%||false|false&#8221; custom_padding_tablet=&#8221;||0%||false|false&#8221; custom_padding_phone=&#8221;&#8221; custom_padding_last_edited=&#8221;on|desktop&#8221; text_orientation_tablet=&#8221;center&#8221; text_orientation_phone=&#8221;&#8221; text_orientation_last_edited=&#8221;on|desktop&#8221;]professional silicone prosthetics, which produced by customise[\/et_pb_text][et_pb_button button_url=&#8221;\/en\/330-products\/&#8221; button_text=&#8221;More&#8221; button_alignment=&#8221;center&#8221; _builder_version=&#8221;4.5.5&#8243; _module_preset=&#8221;default&#8221; custom_button=&#8221;on&#8221; button_text_color=&#8221;#c4c7cc&#8221; button_border_color=&#8221;#c4c7cc&#8221; button_icon=&#8221;%%20%%&#8221; button_on_hover=&#8221;off&#8221; background_layout=&#8221;dark&#8221; custom_padding=&#8221;0px|15%|0px|15%|true|true&#8221;][\/et_pb_button][\/et_pb_column][et_pb_column type=&#8221;1_3&#8243; admin_label=&#8221;\u00c1rlista&#8221; _builder_version=&#8221;4.5.5&#8243; _module_preset=&#8221;default&#8221; link_option_url=&#8221;\/en\/624-price-list\/&#8221;][et_pb_text _builder_version=&#8221;4.5.6&#8243; _module_preset=&#8221;default&#8221; text_font=&#8221;|||on|||||&#8221; text_text_color=&#8221;#dadee3&#8243; text_font_size=&#8221;18px&#8221; background_image=&#8221;https:\/\/szilikonujj.hu\/en\/wp-content\/uploads\/2020\/08\/kiskep2b.png&#8221; text_orientation=&#8221;right&#8221; width=&#8221;100%&#8221; width_tablet=&#8221;51%&#8221; width_phone=&#8221;82%&#8221; width_last_edited=&#8221;on|desktop&#8221; module_alignment=&#8221;center&#8221; min_height=&#8221;110px&#8221; min_height_tablet=&#8221;110px&#8221; min_height_phone=&#8221;110px&#8221; min_height_last_edited=&#8221;on|desktop&#8221; custom_margin=&#8221;||2px|||&#8221; custom_padding=&#8221;1%|7%|||false|false&#8221; custom_padding_tablet=&#8221;&#8221; custom_padding_phone=&#8221;|2%|||false|false&#8221; custom_padding_last_edited=&#8221;on|phone&#8221; text_font_size_tablet=&#8221;&#8221; text_font_size_phone=&#8221;16px&#8221; text_font_size_last_edited=&#8221;on|desktop&#8221;]<\/p>\n<p>Price List<\/p>\n<p>[\/et_pb_text][et_pb_text _builder_version=&#8221;4.5.6&#8243; _module_preset=&#8221;default&#8221; text_text_color=&#8221;#bcbec0&#8243; custom_padding=&#8221;||3%||false|false&#8221; custom_padding_tablet=&#8221;||0%||false|false&#8221; custom_padding_phone=&#8221;&#8221; custom_padding_last_edited=&#8221;on|desktop&#8221; text_orientation_tablet=&#8221;center&#8221; text_orientation_phone=&#8221;&#8221; text_orientation_last_edited=&#8221;on|desktop&#8221;]Best price and quality silicone prosthetics[\/et_pb_text][et_pb_button button_url=&#8221;\/en\/624-price-list\/&#8221; button_text=&#8221;More&#8221; button_alignment=&#8221;center&#8221; _builder_version=&#8221;4.5.5&#8243; _module_preset=&#8221;default&#8221; custom_button=&#8221;on&#8221; button_text_color=&#8221;#c4c7cc&#8221; button_border_color=&#8221;#c4c7cc&#8221; button_icon=&#8221;%%20%%&#8221; button_on_hover=&#8221;off&#8221; background_layout=&#8221;dark&#8221; custom_padding=&#8221;0px|15%|0px|15%|true|true&#8221;][\/et_pb_button][\/et_pb_column][\/et_pb_row][\/et_pb_section]<\/p>\n","protected":false},"excerpt":{"rendered":"<p>PressTV \u00a0 \u00a0\u00a0 \u00a0 \u00a0\u00a0Radio \u00a0 \u00a0\u00a0 \u00a0 \u00a0\u00a0 \u00a0Print \u00a0 \u00a0\u00a0 \u00a0\u00a0\u00a0\u00a0 Online \u00a0 \u00a0\u00a0\u00a0 \u00a0\u00a0\u00a0 BrochureBesz\u00e9lget\u00e9s Dr. Osgy\u00e1n Henrikkel a szilikonp\u00f3tl\u00e1sok lehet\u0151s\u00e9geir\u0151l Gazdas\u00e1gi R\u00e1di\u00f3Paul RavaszSilicone prosthetics specialist, orthopaedic technicianProductsprofessional silicone prosthetics, which produced by customisePrice ListBest price and quality silicone prosthetics<\/p>\n","protected":false},"author":1,"featured_media":0,"parent":0,"menu_order":0,"comment_status":"closed","ping_status":"closed","template":"","meta":{"_et_pb_use_builder":"on","_et_pb_old_content":"","_et_gb_content_width":"","footnotes":""},"class_list":["post-291","page","type-page","status-publish","hentry"],"_links":{"self":[{"href":"https:\/\/szilikonujj.hu\/en\/wp-json\/wp\/v2\/pages\/291","targetHints":{"allow":["GET"]}}],"collection":[{"href":"https:\/\/szilikonujj.hu\/en\/wp-json\/wp\/v2\/pages"}],"about":[{"href":"https:\/\/szilikonujj.hu\/en\/wp-json\/wp\/v2\/types\/page"}],"author":[{"embeddable":true,"href":"https:\/\/szilikonujj.hu\/en\/wp-json\/wp\/v2\/users\/1"}],"replies":[{"embeddable":true,"href":"https:\/\/szilikonujj.hu\/en\/wp-json\/wp\/v2\/comments?post=291"}],"version-history":[{"count":0,"href":"https:\/\/szilikonujj.hu\/en\/wp-json\/wp\/v2\/pages\/291\/revisions"}],"wp:attachment":[{"href":"https:\/\/szilikonujj.hu\/en\/wp-json\/wp\/v2\/media?parent=291"}],"curies":[{"name":"wp","href":"https:\/\/api.w.org\/{rel}","templated":true}]}}